{"id":483,"date":"2018-06-19T09:02:59","date_gmt":"2018-06-19T07:02:59","guid":{"rendered":"http:\/\/www.deleplanque.org\/LB\/?page_id=483"},"modified":"2022-04-05T11:42:12","modified_gmt":"2022-04-05T09:42:12","slug":"la-bassee-au-fil-du-temps-bms-naissances-mariages-deces-archives-notariales-genealogie-familles-nmd-1914-1918","status":"publish","type":"page","link":"https:\/\/www.deleplanque.org\/LB\/","title":{"rendered":"La  rue de Lens"},"content":{"rendered":"<div tabindex=\"0\" class=\"cycloneslider cycloneslider-template-standard cycloneslider-width-responsive\" id=\"cycloneslider-rue-de-lens-1\" style=\"max-width:1000px\" > <div class=\"cycloneslider-slides cycle-slideshow\" data-cycle-allow-wrap=\"true\" data-cycle-dynamic-height=\"off\" data-cycle-auto-height=\"1000:800\" data-cycle-auto-height-easing=\"null\" data-cycle-auto-height-speed=\"250\" data-cycle-delay=\"0\" data-cycle-easing=\"\" data-cycle-fx=\"fade\" data-cycle-hide-non-active=\"true\" data-cycle-log=\"false\" data-cycle-next=\"#cycloneslider-rue-de-lens-1 .cycloneslider-next\" data-cycle-pager=\"#cycloneslider-rue-de-lens-1 .cycloneslider-pager\" data-cycle-pause-on-hover=\"false\" data-cycle-prev=\"#cycloneslider-rue-de-lens-1 .cycloneslider-prev\" data-cycle-slides=\"&gt; div\" data-cycle-speed=\"1000\" data-cycle-swipe=\"1\" data-cycle-tile-count=\"7\" data-cycle-tile-delay=\"100\" data-cycle-tile-vertical=\"true\" data-cycle-timeout=\"6000\" > <div class=\"cycloneslider-slide cycloneslider-slide-image\" > <img decoding=\"async\" src=\"https:\/\/www.deleplanque.org\/LB\/wp-content\/uploads\/2018\/06\/1000-1000x800.jpg\" alt=\"\" title=\"\" \/> <\/div> <div class=\"cycloneslider-slide cycloneslider-slide-image\" > <img decoding=\"async\" src=\"https:\/\/www.deleplanque.org\/LB\/wp-content\/uploads\/2018\/06\/0999-1000x800.jpg\" alt=\"\" title=\"\" \/> <\/div> <div class=\"cycloneslider-slide cycloneslider-slide-image\" > <img decoding=\"async\" src=\"https:\/\/www.deleplanque.org\/LB\/wp-content\/uploads\/2018\/06\/0998-1000x800.jpg\" alt=\"\" title=\"\" \/> <\/div> <div class=\"cycloneslider-slide cycloneslider-slide-image\" > <img decoding=\"async\" src=\"https:\/\/www.deleplanque.org\/LB\/wp-content\/uploads\/2018\/06\/0997-1000x800.jpg\" alt=\"\" title=\"\" \/> <\/div> <div class=\"cycloneslider-slide cycloneslider-slide-image\" > <img decoding=\"async\" src=\"https:\/\/www.deleplanque.org\/LB\/wp-content\/uploads\/2018\/06\/0995-1000x800.jpg\" alt=\"\" title=\"\" \/> <\/div> <div class=\"cycloneslider-slide cycloneslider-slide-image\" > <img decoding=\"async\" src=\"https:\/\/www.deleplanque.org\/LB\/wp-content\/uploads\/2018\/06\/0994-1000x800.jpg\" alt=\"\" title=\"\" \/> <\/div> <div class=\"cycloneslider-slide cycloneslider-slide-image\" > <img decoding=\"async\" src=\"https:\/\/www.deleplanque.org\/LB\/wp-content\/uploads\/2018\/06\/0993-1000x800.jpg\" alt=\"\" title=\"\" \/> <\/div> <div class=\"cycloneslider-slide cycloneslider-slide-image\" > <img decoding=\"async\" src=\"https:\/\/www.deleplanque.org\/LB\/wp-content\/uploads\/2018\/06\/0992-1000x800.jpg\" alt=\"\" title=\"\" \/> <\/div> <div class=\"cycloneslider-slide cycloneslider-slide-image\" > <img decoding=\"async\" src=\"https:\/\/www.deleplanque.org\/LB\/wp-content\/uploads\/2018\/06\/0991-1000x800.jpg\" alt=\"\" title=\"\" \/> <\/div> <div class=\"cycloneslider-slide cycloneslider-slide-image\" > <img decoding=\"async\" src=\"https:\/\/www.deleplanque.org\/LB\/wp-content\/uploads\/2018\/06\/0990-1000x800.jpg\" alt=\"\" title=\"\" \/> <\/div> <div class=\"cycloneslider-slide cycloneslider-slide-image\" > <img decoding=\"async\" src=\"https:\/\/www.deleplanque.org\/LB\/wp-content\/uploads\/2018\/06\/0989-1000x800.jpg\" alt=\"\" title=\"\" \/> <\/div> <div class=\"cycloneslider-slide cycloneslider-slide-image\" > <img decoding=\"async\" src=\"https:\/\/www.deleplanque.org\/LB\/wp-content\/uploads\/2018\/06\/0988-1000x800.jpg\" alt=\"\" title=\"\" \/> <\/div> <div class=\"cycloneslider-slide cycloneslider-slide-image\" > <img decoding=\"async\" src=\"https:\/\/www.deleplanque.org\/LB\/wp-content\/uploads\/2018\/06\/0987-1000x800.jpg\" alt=\"\" title=\"\" \/> <\/div> <div class=\"cycloneslider-slide cycloneslider-slide-image\" > <img decoding=\"async\" src=\"https:\/\/www.deleplanque.org\/LB\/wp-content\/uploads\/2018\/06\/0986-1000x800.jpg\" alt=\"\" title=\"\" \/> <\/div> <div class=\"cycloneslider-slide cycloneslider-slide-image\" > <img decoding=\"async\" src=\"https:\/\/www.deleplanque.org\/LB\/wp-content\/uploads\/2018\/06\/0985-1000x800.jpg\" alt=\"\" title=\"\" \/> <\/div> <div class=\"cycloneslider-slide cycloneslider-slide-image\" > <img decoding=\"async\" src=\"https:\/\/www.deleplanque.org\/LB\/wp-content\/uploads\/2018\/06\/0984-1000x800.jpg\" alt=\"\" title=\"\" \/> <\/div> <div class=\"cycloneslider-slide cycloneslider-slide-image\" > <img decoding=\"async\" src=\"https:\/\/www.deleplanque.org\/LB\/wp-content\/uploads\/2018\/06\/0983-1000x800.jpg\" alt=\"\" title=\"\" \/> <\/div> <div class=\"cycloneslider-slide cycloneslider-slide-image\" > <img decoding=\"async\" src=\"https:\/\/www.deleplanque.org\/LB\/wp-content\/uploads\/2018\/06\/0982-1000x800.jpg\" alt=\"\" title=\"\" \/> <\/div> <div class=\"cycloneslider-slide cycloneslider-slide-image\" > <img decoding=\"async\" src=\"https:\/\/www.deleplanque.org\/LB\/wp-content\/uploads\/2018\/06\/0981-1000x800.jpg\" alt=\"\" title=\"\" \/> <\/div> <div class=\"cycloneslider-slide cycloneslider-slide-image\" > <img decoding=\"async\" src=\"https:\/\/www.deleplanque.org\/LB\/wp-content\/uploads\/2018\/06\/0980-1000x800.jpg\" alt=\"\" title=\"\" \/> <\/div> <div class=\"cycloneslider-slide cycloneslider-slide-image\" > <img decoding=\"async\" src=\"https:\/\/www.deleplanque.org\/LB\/wp-content\/uploads\/2018\/06\/0979-1000x800.jpg\" alt=\"\" title=\"\" \/> <\/div> <div class=\"cycloneslider-slide cycloneslider-slide-image\" > <img decoding=\"async\" src=\"https:\/\/www.deleplanque.org\/LB\/wp-content\/uploads\/2018\/06\/0978-1000x800.jpg\" alt=\"\" title=\"\" \/> <\/div> <div class=\"cycloneslider-slide cycloneslider-slide-image\" > <img decoding=\"async\" src=\"https:\/\/www.deleplanque.org\/LB\/wp-content\/uploads\/2018\/06\/0772-1000x800.jpg\" alt=\"\" title=\"\" \/> <\/div> <div class=\"cycloneslider-slide cycloneslider-slide-image\" > <img decoding=\"async\" src=\"https:\/\/www.deleplanque.org\/LB\/wp-content\/uploads\/2018\/06\/0771-1000x800.jpg\" alt=\"\" title=\"\" \/> <\/div> <div class=\"cycloneslider-slide cycloneslider-slide-image\" > <img decoding=\"async\" src=\"https:\/\/www.deleplanque.org\/LB\/wp-content\/uploads\/2018\/06\/0770-1000x800.jpg\" alt=\"\" title=\"\" \/> <\/div> <div class=\"cycloneslider-slide cycloneslider-slide-image\" > <img decoding=\"async\" src=\"https:\/\/www.deleplanque.org\/LB\/wp-content\/uploads\/2018\/06\/0769-1000x800.jpg\" alt=\"\" title=\"\" \/> <\/div> <div class=\"cycloneslider-slide cycloneslider-slide-image\" > <img decoding=\"async\" src=\"https:\/\/www.deleplanque.org\/LB\/wp-content\/uploads\/2018\/06\/0768-1000x800.jpg\" alt=\"\" title=\"\" \/> <\/div> <div class=\"cycloneslider-slide cycloneslider-slide-image\" > <img decoding=\"async\" src=\"https:\/\/www.deleplanque.org\/LB\/wp-content\/uploads\/2018\/06\/0767-1000x800.jpg\" alt=\"\" title=\"\" \/> <\/div> <div class=\"cycloneslider-slide cycloneslider-slide-image\" > <img decoding=\"async\" src=\"https:\/\/www.deleplanque.org\/LB\/wp-content\/uploads\/2018\/06\/0766-1000x800.jpg\" alt=\"\" title=\"\" \/> <\/div> <div class=\"cycloneslider-slide cycloneslider-slide-image\" > <img decoding=\"async\" src=\"https:\/\/www.deleplanque.org\/LB\/wp-content\/uploads\/2018\/06\/0765-1000x800.jpg\" alt=\"\" title=\"\" \/> <\/div> <div class=\"cycloneslider-slide cycloneslider-slide-image\" > <img decoding=\"async\" src=\"https:\/\/www.deleplanque.org\/LB\/wp-content\/uploads\/2018\/06\/0764-1000x800.jpg\" alt=\"\" title=\"\" \/> <\/div> <div class=\"cycloneslider-slide cycloneslider-slide-image\" > <img decoding=\"async\" src=\"https:\/\/www.deleplanque.org\/LB\/wp-content\/uploads\/2018\/06\/0763-1000x800.jpg\" alt=\"\" title=\"\" \/> <\/div> <div class=\"cycloneslider-slide cycloneslider-slide-image\" > <img decoding=\"async\" src=\"https:\/\/www.deleplanque.org\/LB\/wp-content\/uploads\/2018\/06\/0762-1000x800.jpg\" alt=\"\" title=\"\" \/> <\/div> <div class=\"cycloneslider-slide cycloneslider-slide-image\" > <img decoding=\"async\" src=\"https:\/\/www.deleplanque.org\/LB\/wp-content\/uploads\/2018\/06\/0761-1000x800.jpg\" alt=\"\" title=\"\" \/> <\/div> <div class=\"cycloneslider-slide cycloneslider-slide-image\" > <img decoding=\"async\" src=\"https:\/\/www.deleplanque.org\/LB\/wp-content\/uploads\/2018\/06\/0760-1000x800.jpg\" alt=\"\" title=\"\" \/> <\/div> <div class=\"cycloneslider-slide cycloneslider-slide-image\" > <img decoding=\"async\" src=\"https:\/\/www.deleplanque.org\/LB\/wp-content\/uploads\/2018\/06\/0759-1000x800.jpg\" alt=\"\" title=\"\" \/> <\/div> <div class=\"cycloneslider-slide cycloneslider-slide-image\" > <img decoding=\"async\" src=\"https:\/\/www.deleplanque.org\/LB\/wp-content\/uploads\/2018\/06\/0758-1000x800.jpg\" alt=\"\" title=\"\" \/> <\/div> <div class=\"cycloneslider-slide cycloneslider-slide-image\" > <img decoding=\"async\" src=\"https:\/\/www.deleplanque.org\/LB\/wp-content\/uploads\/2018\/06\/0757-1000x800.jpg\" alt=\"\" title=\"\" \/> <\/div> <div class=\"cycloneslider-slide cycloneslider-slide-image\" > <img decoding=\"async\" src=\"https:\/\/www.deleplanque.org\/LB\/wp-content\/uploads\/2018\/06\/0756-1000x800.jpg\" alt=\"\" title=\"\" \/> <\/div> <div class=\"cycloneslider-slide cycloneslider-slide-image\" > <img decoding=\"async\" src=\"https:\/\/www.deleplanque.org\/LB\/wp-content\/uploads\/2018\/06\/0755-1000x800.jpg\" alt=\"\" title=\"\" \/> <\/div> <div class=\"cycloneslider-slide cycloneslider-slide-image\" > <img decoding=\"async\" src=\"https:\/\/www.deleplanque.org\/LB\/wp-content\/uploads\/2018\/06\/0754-1000x800.jpg\" alt=\"\" title=\"\" \/> <\/div> <div class=\"cycloneslider-slide cycloneslider-slide-image\" > <img decoding=\"async\" src=\"https:\/\/www.deleplanque.org\/LB\/wp-content\/uploads\/2018\/06\/0450-1000x800.jpg\" alt=\"\" title=\"\" \/> <\/div> <div class=\"cycloneslider-slide cycloneslider-slide-image\" > <img decoding=\"async\" src=\"https:\/\/www.deleplanque.org\/LB\/wp-content\/uploads\/2018\/06\/0449-1000x800.jpg\" alt=\"\" title=\"\" \/> <\/div> <div class=\"cycloneslider-slide cycloneslider-slide-image\" > <img decoding=\"async\" src=\"https:\/\/www.deleplanque.org\/LB\/wp-content\/uploads\/2018\/06\/0448-1000x800.jpg\" alt=\"\" title=\"\" \/> <\/div> <div class=\"cycloneslider-slide cycloneslider-slide-image\" > <img decoding=\"async\" src=\"https:\/\/www.deleplanque.org\/LB\/wp-content\/uploads\/2018\/06\/0447-1000x800.jpg\" alt=\"\" title=\"\" \/> <\/div> <div class=\"cycloneslider-slide cycloneslider-slide-image\" > <img decoding=\"async\" src=\"https:\/\/www.deleplanque.org\/LB\/wp-content\/uploads\/2018\/06\/0446-1000x800.jpg\" alt=\"\" title=\"\" \/> <\/div> <div class=\"cycloneslider-slide cycloneslider-slide-image\" > <img decoding=\"async\" src=\"https:\/\/www.deleplanque.org\/LB\/wp-content\/uploads\/2018\/06\/0445-1000x800.jpg\" alt=\"\" title=\"\" \/> <\/div> <div class=\"cycloneslider-slide cycloneslider-slide-image\" > <img decoding=\"async\" src=\"https:\/\/www.deleplanque.org\/LB\/wp-content\/uploads\/2018\/06\/0444-1000x800.jpg\" alt=\"\" title=\"\" \/> <\/div> <div class=\"cycloneslider-slide cycloneslider-slide-image\" > <img decoding=\"async\" src=\"https:\/\/www.deleplanque.org\/LB\/wp-content\/uploads\/2018\/06\/0443-1000x800.jpg\" alt=\"\" title=\"\" \/> <\/div> <div class=\"cycloneslider-slide cycloneslider-slide-image\" > <img decoding=\"async\" src=\"https:\/\/www.deleplanque.org\/LB\/wp-content\/uploads\/2018\/06\/0442-1000x800.jpg\" alt=\"\" title=\"\" \/> <\/div> <div class=\"cycloneslider-slide cycloneslider-slide-image\" > <img decoding=\"async\" src=\"https:\/\/www.deleplanque.org\/LB\/wp-content\/uploads\/2018\/06\/0441-1000x800.jpg\" alt=\"\" title=\"\" \/> <\/div> <div class=\"cycloneslider-slide cycloneslider-slide-image\" > <img decoding=\"async\" src=\"https:\/\/www.deleplanque.org\/LB\/wp-content\/uploads\/2018\/06\/0367-1000x800.jpg\" alt=\"\" title=\"\" \/> <\/div> <div class=\"cycloneslider-slide cycloneslider-slide-image\" > <img decoding=\"async\" src=\"https:\/\/www.deleplanque.org\/LB\/wp-content\/uploads\/2018\/06\/0365-1000x800.jpg\" alt=\"\" title=\"\" \/> <\/div> <div class=\"cycloneslider-slide cycloneslider-slide-image\" > <img decoding=\"async\" src=\"https:\/\/www.deleplanque.org\/LB\/wp-content\/uploads\/2018\/06\/0366-1000x800.jpg\" alt=\"\" title=\"\" \/> <\/div> <div class=\"cycloneslider-slide cycloneslider-slide-image\" > <img decoding=\"async\" src=\"https:\/\/www.deleplanque.org\/LB\/wp-content\/uploads\/2018\/06\/0364-1000x800.jpg\" alt=\"\" title=\"\" \/> <\/div> <div class=\"cycloneslider-slide cycloneslider-slide-image\" > <img decoding=\"async\" src=\"https:\/\/www.deleplanque.org\/LB\/wp-content\/uploads\/2018\/06\/0363-1000x800.jpg\" alt=\"\" title=\"\" \/> <\/div> <div class=\"cycloneslider-slide cycloneslider-slide-image\" > <img decoding=\"async\" src=\"https:\/\/www.deleplanque.org\/LB\/wp-content\/uploads\/2018\/06\/0362-1000x800.jpg\" alt=\"\" title=\"\" \/> <\/div> <div class=\"cycloneslider-slide cycloneslider-slide-image\" > <img decoding=\"async\" src=\"https:\/\/www.deleplanque.org\/LB\/wp-content\/uploads\/2018\/06\/0360-1000x800.jpg\" alt=\"\" title=\"\" \/> <\/div> <div class=\"cycloneslider-slide cycloneslider-slide-image\" > <img decoding=\"async\" src=\"https:\/\/www.deleplanque.org\/LB\/wp-content\/uploads\/2018\/06\/0359-1000x800.jpg\" alt=\"\" title=\"\" \/> <\/div> <div class=\"cycloneslider-slide cycloneslider-slide-image\" > <img decoding=\"async\" src=\"https:\/\/www.deleplanque.org\/LB\/wp-content\/uploads\/2018\/06\/0358-1000x800.jpg\" alt=\"\" title=\"\" \/> <\/div> <div class=\"cycloneslider-slide cycloneslider-slide-image\" > <img decoding=\"async\" src=\"https:\/\/www.deleplanque.org\/LB\/wp-content\/uploads\/2018\/06\/0357-1000x800.jpg\" alt=\"\" title=\"\" \/> <\/div> <div class=\"cycloneslider-slide cycloneslider-slide-image\" > <img decoding=\"async\" src=\"https:\/\/www.deleplanque.org\/LB\/wp-content\/uploads\/2018\/06\/0356-1000x800.jpg\" alt=\"\" title=\"\" \/> <\/div> <div class=\"cycloneslider-slide cycloneslider-slide-image\" > <img decoding=\"async\" src=\"https:\/\/www.deleplanque.org\/LB\/wp-content\/uploads\/2018\/06\/0355-1000x800.jpg\" alt=\"\" title=\"\" \/> <\/div> <div class=\"cycloneslider-slide cycloneslider-slide-image\" > <img decoding=\"async\" src=\"https:\/\/www.deleplanque.org\/LB\/wp-content\/uploads\/2018\/06\/0354-1000x800.jpg\" alt=\"\" title=\"\" \/> <\/div> <div class=\"cycloneslider-slide cycloneslider-slide-image\" > <img decoding=\"async\" src=\"https:\/\/www.deleplanque.org\/LB\/wp-content\/uploads\/2018\/06\/0353-1000x800.jpg\" alt=\"\" title=\"\" \/> <\/div> <div class=\"cycloneslider-slide cycloneslider-slide-image\" > <img decoding=\"async\" src=\"https:\/\/www.deleplanque.org\/LB\/wp-content\/uploads\/2018\/06\/0352-1000x800.jpg\" alt=\"\" title=\"\" \/> <\/div> <div class=\"cycloneslider-slide cycloneslider-slide-image\" > <img decoding=\"async\" src=\"https:\/\/www.deleplanque.org\/LB\/wp-content\/uploads\/2018\/06\/0351-1000x800.jpg\" alt=\"\" title=\"\" \/> <\/div> <\/div> <a href=\"#\" class=\"cycloneslider-prev\"> <span class=\"arrow\"><\/span> <\/a> <a href=\"#\" class=\"cycloneslider-next\"> <span class=\"arrow\"><\/span> <\/a> <\/div>\n\n\n\n<h1 class=\"wp-block-heading\"><\/h1>\n\n\n\n<p><\/p>\n","protected":false},"excerpt":{"rendered":"","protected":false},"author":2,"featured_media":0,"parent":0,"menu_order":0,"comment_status":"closed","ping_status":"closed","template":"","meta":{"footnotes":""},"class_list":["post-483","page","type-page","status-publish","hentry"],"yoast_head":"<!-- This site is optimized with the Yoast SEO plugin v16.5 - https:\/\/yoast.com\/wordpress\/plugins\/seo\/ -->\n<title>Histoire G\u00e9n\u00e9alogie La Bass\u00e9e BMS NMD<\/title>\n<meta name=\"description\" content=\"Histoire iconographie et g\u00e9n\u00e9alogies de La Bass\u00e9e\" \/>\n<meta name=\"robots\" content=\"index, follow, max-snippet:-1, max-image-preview:large, max-video-preview:-1\" \/>\n<link rel=\"canonical\" href=\"https:\/\/www.deleplanque.org\/LB\/\" \/>\n<meta property=\"og:locale\" content=\"fr_FR\" \/>\n<meta property=\"og:type\" content=\"article\" \/>\n<meta property=\"og:title\" content=\"Histoire G\u00e9n\u00e9alogie La Bass\u00e9e BMS NMD\" \/>\n<meta property=\"og:description\" content=\"Histoire iconographie et g\u00e9n\u00e9alogies de La Bass\u00e9e\" \/>\n<meta property=\"og:url\" content=\"https:\/\/www.deleplanque.org\/LB\/\" \/>\n<meta property=\"og:site_name\" content=\"La Bass\u00e9e au fil du temps\" \/>\n<meta property=\"article:publisher\" content=\"https:\/\/www.facebook.com\/groups\/1083105762204788\/\" \/>\n<meta property=\"article:modified_time\" content=\"2022-04-05T09:42:12+00:00\" \/>\n<meta name=\"twitter:card\" content=\"summary_large_image\" \/>\n<meta name=\"twitter:label1\" content=\"Dur\u00e9e de lecture est.\" \/>\n\t<meta name=\"twitter:data1\" content=\"1 minute\" \/>\n<script type=\"application\/ld+json\" class=\"yoast-schema-graph\">{\"@context\":\"https:\/\/schema.org\",\"@graph\":[{\"@type\":[\"Person\",\"Organization\"],\"@id\":\"https:\/\/www.deleplanque.org\/LB\/#\/schema\/person\/0bdeebe7262612a69906b5e78c29e01b\",\"name\":\"Bernard Deleplanque\",\"logo\":{\"@id\":\"https:\/\/www.deleplanque.org\/LB\/#personlogo\"},\"sameAs\":[\"https:\/\/www.deleplanque.org\/LB\/\",\"https:\/\/www.facebook.com\/groups\/1083105762204788\/\"]},{\"@type\":\"WebSite\",\"@id\":\"https:\/\/www.deleplanque.org\/LB\/#website\",\"url\":\"https:\/\/www.deleplanque.org\/LB\/\",\"name\":\"La Bass\\u00e9e au fil du temps\",\"description\":\"\",\"publisher\":{\"@id\":\"https:\/\/www.deleplanque.org\/LB\/#\/schema\/person\/0bdeebe7262612a69906b5e78c29e01b\"},\"potentialAction\":[{\"@type\":\"SearchAction\",\"target\":\"https:\/\/www.deleplanque.org\/LB\/?s={search_term_string}\",\"query-input\":\"required name=search_term_string\"}],\"inLanguage\":\"fr-FR\"},{\"@type\":\"WebPage\",\"@id\":\"https:\/\/www.deleplanque.org\/LB\/#webpage\",\"url\":\"https:\/\/www.deleplanque.org\/LB\/\",\"name\":\"Histoire G\\u00e9n\\u00e9alogie La Bass\\u00e9e BMS NMD\",\"isPartOf\":{\"@id\":\"https:\/\/www.deleplanque.org\/LB\/#website\"},\"datePublished\":\"2018-06-19T07:02:59+00:00\",\"dateModified\":\"2022-04-05T09:42:12+00:00\",\"description\":\"Histoire iconographie et g\\u00e9n\\u00e9alogies de La Bass\\u00e9e\",\"breadcrumb\":{\"@id\":\"https:\/\/www.deleplanque.org\/LB\/#breadcrumb\"},\"inLanguage\":\"fr-FR\",\"potentialAction\":[{\"@type\":\"ReadAction\",\"target\":[\"https:\/\/www.deleplanque.org\/LB\/\"]}]},{\"@type\":\"BreadcrumbList\",\"@id\":\"https:\/\/www.deleplanque.org\/LB\/#breadcrumb\",\"itemListElement\":[{\"@type\":\"ListItem\",\"position\":1,\"name\":\"Accueil\",\"item\":\"https:\/\/www.deleplanque.org\/LB\/\"},{\"@type\":\"ListItem\",\"position\":2,\"name\":\"La rue de Lens\"}]}]}<\/script>\n<!-- \/ Yoast SEO plugin. -->","_links":{"self":[{"href":"https:\/\/www.deleplanque.org\/LB\/wp-json\/wp\/v2\/pages\/483","targetHints":{"allow":["GET"]}}],"collection":[{"href":"https:\/\/www.deleplanque.org\/LB\/wp-json\/wp\/v2\/pages"}],"about":[{"href":"https:\/\/www.deleplanque.org\/LB\/wp-json\/wp\/v2\/types\/page"}],"author":[{"embeddable":true,"href":"https:\/\/www.deleplanque.org\/LB\/wp-json\/wp\/v2\/users\/2"}],"replies":[{"embeddable":true,"href":"https:\/\/www.deleplanque.org\/LB\/wp-json\/wp\/v2\/comments?post=483"}],"version-history":[{"count":82,"href":"https:\/\/www.deleplanque.org\/LB\/wp-json\/wp\/v2\/pages\/483\/revisions"}],"predecessor-version":[{"id":6228,"href":"https:\/\/www.deleplanque.org\/LB\/wp-json\/wp\/v2\/pages\/483\/revisions\/6228"}],"wp:attachment":[{"href":"https:\/\/www.deleplanque.org\/LB\/wp-json\/wp\/v2\/media?parent=483"}],"curies":[{"name":"wp","href":"https:\/\/api.w.org\/{rel}","templated":true}]}}